{"id":43,"date":"2025-02-21T12:01:03","date_gmt":"2025-02-21T12:01:03","guid":{"rendered":"https:\/\/fjdadministrativo.rkinformatika.online\/?page_id=43"},"modified":"2025-02-25T08:36:39","modified_gmt":"2025-02-25T08:36:39","slug":"servicios","status":"publish","type":"page","link":"https:\/\/fjdadministrativo.com\/en\/servicios\/","title":{"rendered":"services"},"content":{"rendered":"<div data-elementor-type=\"wp-page\" data-elementor-id=\"43\" class=\"elementor elementor-43\" data-elementor-post-type=\"page\">\n\t\t\t\t<div class=\"elementor-element elementor-element-d46c3f5 e-con-full e-flex e-con e-parent\" data-id=\"d46c3f5\" data-element_type=\"container\" data-e-type=\"container\" data-settings=\"{&quot;background_background&quot;:&quot;classic&quot;}\">\n\t\t\t\t<div class=\"elementor-element elementor-element-e12d1ca elementor-widget elementor-widget-spacer\" data-id=\"e12d1ca\" data-element_type=\"widget\" data-e-type=\"widget\" data-widget_type=\"spacer.default\">\n\t\t\t\t<div class=\"elementor-widget-container\">\n\t\t\t\t\t\t\t<div class=\"elementor-spacer\">\n\t\t\t<div class=\"elementor-spacer-inner\"><\/div>\n\t\t<\/div>\n\t\t\t\t\t\t<\/div>\n\t\t\t\t<\/div>\n\t\t\t\t<\/div>\n\t\t<div class=\"elementor-element elementor-element-565ed48 e-flex e-con-boxed e-con e-parent\" data-id=\"565ed48\" data-element_type=\"container\" data-e-type=\"container\">\n\t\t\t\t\t<div class=\"e-con-inner\">\n\t\t\t\t<div class=\"elementor-element elementor-element-9b5c4e5 elementor-widget elementor-widget-heading\" data-id=\"9b5c4e5\" data-element_type=\"widget\" data-e-type=\"widget\" data-widget_type=\"heading.default\">\n\t\t\t\t<div class=\"elementor-widget-container\">\n\t\t\t\t\t<h2 class=\"elementor-heading-title elementor-size-default\">services<\/h2>\t\t\t\t<\/div>\n\t\t\t\t<\/div>\n\t\t\t\t<div class=\"elementor-element elementor-element-e5f7ea5 elementor-widget-divider--view-line elementor-widget elementor-widget-divider\" data-id=\"e5f7ea5\" data-element_type=\"widget\" data-e-type=\"widget\" data-widget_type=\"divider.default\">\n\t\t\t\t<div class=\"elementor-widget-container\">\n\t\t\t\t\t\t\t<div class=\"elementor-divider\">\n\t\t\t<span class=\"elementor-divider-separator\">\n\t\t\t\t\t\t<\/span>\n\t\t<\/div>\n\t\t\t\t\t\t<\/div>\n\t\t\t\t<\/div>\n\t\t\t\t\t<\/div>\n\t\t\t\t<\/div>\n\t\t<div class=\"elementor-element elementor-element-b9a0c51 e-flex e-con-boxed e-con e-parent\" data-id=\"b9a0c51\" data-element_type=\"container\" data-e-type=\"container\">\n\t\t\t\t\t<div class=\"e-con-inner\">\n\t\t<div class=\"elementor-element elementor-element-c175715 e-con-full animated-fast e-flex elementor-invisible e-con e-child\" data-id=\"c175715\" data-element_type=\"container\" data-e-type=\"container\" data-settings=\"{&quot;animation&quot;:&quot;slideInDown&quot;}\">\n\t\t\t\t<div class=\"elementor-element elementor-element-1b8d475 elementor-widget elementor-widget-heading\" data-id=\"1b8d475\" data-element_type=\"widget\" data-e-type=\"widget\" data-widget_type=\"heading.default\">\n\t\t\t\t<div class=\"elementor-widget-container\">\n\t\t\t\t\t<p class=\"elementor-heading-title elementor-size-default\">Asesor\u00eda Administrativa<\/p>\t\t\t\t<\/div>\n\t\t\t\t<\/div>\n\t\t\t\t<div class=\"elementor-element elementor-element-5368115 elementor-widget elementor-widget-image\" data-id=\"5368115\" data-element_type=\"widget\" data-e-type=\"widget\" data-widget_type=\"image.default\">\n\t\t\t\t<div class=\"elementor-widget-container\">\n\t\t\t\t\t\t\t\t\t\t\t\t\t\t\t<img fetchpriority=\"high\" decoding=\"async\" width=\"800\" height=\"534\" src=\"https:\/\/fjdadministrativo.com\/wp-content\/uploads\/2025\/02\/25376-1024x683.jpg\" class=\"attachment-large size-large wp-image-288\" alt=\"\" srcset=\"https:\/\/fjdadministrativo.com\/wp-content\/uploads\/2025\/02\/25376-1024x683.jpg 1024w, https:\/\/fjdadministrativo.com\/wp-content\/uploads\/2025\/02\/25376-300x200.jpg 300w, https:\/\/fjdadministrativo.com\/wp-content\/uploads\/2025\/02\/25376-768x512.jpg 768w, https:\/\/fjdadministrativo.com\/wp-content\/uploads\/2025\/02\/25376-18x12.jpg 18w, https:\/\/fjdadministrativo.com\/wp-content\/uploads\/2025\/02\/25376.jpg 1500w\" sizes=\"(max-width: 800px) 100vw, 800px\" \/>\t\t\t\t\t\t\t\t\t\t\t\t\t\t\t<\/div>\n\t\t\t\t<\/div>\n\t\t\t\t<div class=\"elementor-element elementor-element-5f62492 elementor-widget elementor-widget-text-editor\" data-id=\"5f62492\" data-element_type=\"widget\" data-e-type=\"widget\" data-widget_type=\"text-editor.default\">\n\t\t\t\t<div class=\"elementor-widget-container\">\n\t\t\t\t\t\t\t\t\t<p>Gesti\u00f3n y tramitaci\u00f3n de documentos.<\/p><p>Asesoramiento y apoyo en la organizaci\u00f3n de tareas administrativas.<\/p><p>Optimizaci\u00f3n de procesos administrativos internos.<\/p>\t\t\t\t\t\t\t\t<\/div>\n\t\t\t\t<\/div>\n\t\t\t\t<\/div>\n\t\t<div class=\"elementor-element elementor-element-9a930ad e-con-full animated-fast e-flex elementor-invisible e-con e-child\" data-id=\"9a930ad\" data-element_type=\"container\" data-e-type=\"container\" data-settings=\"{&quot;animation&quot;:&quot;slideInUp&quot;}\">\n\t\t\t\t<div class=\"elementor-element elementor-element-4e3d2ba elementor-widget elementor-widget-heading\" data-id=\"4e3d2ba\" data-element_type=\"widget\" data-e-type=\"widget\" data-widget_type=\"heading.default\">\n\t\t\t\t<div class=\"elementor-widget-container\">\n\t\t\t\t\t<p class=\"elementor-heading-title elementor-size-default\">Asesor\u00eda Contable<\/p>\t\t\t\t<\/div>\n\t\t\t\t<\/div>\n\t\t\t\t<div class=\"elementor-element elementor-element-dea8bc1 elementor-widget elementor-widget-image\" data-id=\"dea8bc1\" data-element_type=\"widget\" data-e-type=\"widget\" data-widget_type=\"image.default\">\n\t\t\t\t<div class=\"elementor-widget-container\">\n\t\t\t\t\t\t\t\t\t\t\t\t\t\t\t<img decoding=\"async\" width=\"800\" height=\"534\" src=\"https:\/\/fjdadministrativo.com\/wp-content\/uploads\/2025\/02\/479-1024x683.jpg\" class=\"attachment-large size-large wp-image-292\" alt=\"\" srcset=\"https:\/\/fjdadministrativo.com\/wp-content\/uploads\/2025\/02\/479-1024x683.jpg 1024w, https:\/\/fjdadministrativo.com\/wp-content\/uploads\/2025\/02\/479-300x200.jpg 300w, https:\/\/fjdadministrativo.com\/wp-content\/uploads\/2025\/02\/479-768x512.jpg 768w, https:\/\/fjdadministrativo.com\/wp-content\/uploads\/2025\/02\/479-18x12.jpg 18w, https:\/\/fjdadministrativo.com\/wp-content\/uploads\/2025\/02\/479.jpg 1500w\" sizes=\"(max-width: 800px) 100vw, 800px\" \/>\t\t\t\t\t\t\t\t\t\t\t\t\t\t\t<\/div>\n\t\t\t\t<\/div>\n\t\t\t\t<div class=\"elementor-element elementor-element-5b00f0b elementor-widget elementor-widget-text-editor\" data-id=\"5b00f0b\" data-element_type=\"widget\" data-e-type=\"widget\" data-widget_type=\"text-editor.default\">\n\t\t\t\t<div class=\"elementor-widget-container\">\n\t\t\t\t\t\t\t\t\t<p>Gesti\u00f3n y supervisi\u00f3n de la contabilidad empresarial.<\/p><p>Elaboraci\u00f3n de informes financieros.<\/p><p>Balance de cuentas y estados financieros.<\/p><p>Consultor\u00eda en planificaci\u00f3n contable.<\/p>\t\t\t\t\t\t\t\t<\/div>\n\t\t\t\t<\/div>\n\t\t\t\t<\/div>\n\t\t<div class=\"elementor-element elementor-element-b938162 e-con-full animated-fast e-flex elementor-invisible e-con e-child\" data-id=\"b938162\" data-element_type=\"container\" data-e-type=\"container\" data-settings=\"{&quot;animation&quot;:&quot;slideInDown&quot;}\">\n\t\t\t\t<div class=\"elementor-element elementor-element-9f781c2 elementor-widget elementor-widget-heading\" data-id=\"9f781c2\" data-element_type=\"widget\" data-e-type=\"widget\" data-widget_type=\"heading.default\">\n\t\t\t\t<div class=\"elementor-widget-container\">\n\t\t\t\t\t<p class=\"elementor-heading-title elementor-size-default\">Liquidaci\u00f3n de Impuestos<\/p>\t\t\t\t<\/div>\n\t\t\t\t<\/div>\n\t\t\t\t<div class=\"elementor-element elementor-element-10051bf elementor-widget elementor-widget-image\" data-id=\"10051bf\" data-element_type=\"widget\" data-e-type=\"widget\" data-widget_type=\"image.default\">\n\t\t\t\t<div class=\"elementor-widget-container\">\n\t\t\t\t\t\t\t\t\t\t\t\t\t\t\t<img decoding=\"async\" width=\"800\" height=\"534\" src=\"https:\/\/fjdadministrativo.com\/wp-content\/uploads\/2025\/02\/2147737976-1024x683.jpg\" class=\"attachment-large size-large wp-image-296\" alt=\"\" srcset=\"https:\/\/fjdadministrativo.com\/wp-content\/uploads\/2025\/02\/2147737976-1024x683.jpg 1024w, https:\/\/fjdadministrativo.com\/wp-content\/uploads\/2025\/02\/2147737976-300x200.jpg 300w, https:\/\/fjdadministrativo.com\/wp-content\/uploads\/2025\/02\/2147737976-768x512.jpg 768w, https:\/\/fjdadministrativo.com\/wp-content\/uploads\/2025\/02\/2147737976-18x12.jpg 18w, https:\/\/fjdadministrativo.com\/wp-content\/uploads\/2025\/02\/2147737976.jpg 1500w\" sizes=\"(max-width: 800px) 100vw, 800px\" \/>\t\t\t\t\t\t\t\t\t\t\t\t\t\t\t<\/div>\n\t\t\t\t<\/div>\n\t\t\t\t<div class=\"elementor-element elementor-element-07d955b elementor-widget elementor-widget-text-editor\" data-id=\"07d955b\" data-element_type=\"widget\" data-e-type=\"widget\" data-widget_type=\"text-editor.default\">\n\t\t\t\t<div class=\"elementor-widget-container\">\n\t\t\t\t\t\t\t\t\t<p>Asesoramiento en la liquidaci\u00f3n de impuestos (IVA, IRPF, Impuesto de Sociedades, etc.).<\/p><p>Preparaci\u00f3n y presentaci\u00f3n de declaraciones fiscales.<\/p><p>Revisi\u00f3n y optimizaci\u00f3n de la carga fiscal.<\/p>\t\t\t\t\t\t\t\t<\/div>\n\t\t\t\t<\/div>\n\t\t\t\t<\/div>\n\t\t<div class=\"elementor-element elementor-element-4d04529 e-con-full animated-fast e-flex elementor-invisible e-con e-child\" data-id=\"4d04529\" data-element_type=\"container\" data-e-type=\"container\" data-settings=\"{&quot;animation&quot;:&quot;slideInUp&quot;}\">\n\t\t\t\t<div class=\"elementor-element elementor-element-312e235 elementor-widget elementor-widget-heading\" data-id=\"312e235\" data-element_type=\"widget\" data-e-type=\"widget\" data-widget_type=\"heading.default\">\n\t\t\t\t<div class=\"elementor-widget-container\">\n\t\t\t\t\t<p class=\"elementor-heading-title elementor-size-default\">Asesor\u00eda Fiscal<\/p>\t\t\t\t<\/div>\n\t\t\t\t<\/div>\n\t\t\t\t<div class=\"elementor-element elementor-element-63248e3 elementor-widget elementor-widget-image\" data-id=\"63248e3\" data-element_type=\"widget\" data-e-type=\"widget\" data-widget_type=\"image.default\">\n\t\t\t\t<div class=\"elementor-widget-container\">\n\t\t\t\t\t\t\t\t\t\t\t\t\t\t\t<img loading=\"lazy\" decoding=\"async\" width=\"800\" height=\"534\" src=\"https:\/\/fjdadministrativo.com\/wp-content\/uploads\/2025\/02\/9393-1024x683.jpg\" class=\"attachment-large size-large wp-image-297\" alt=\"\" srcset=\"https:\/\/fjdadministrativo.com\/wp-content\/uploads\/2025\/02\/9393-1024x683.jpg 1024w, https:\/\/fjdadministrativo.com\/wp-content\/uploads\/2025\/02\/9393-300x200.jpg 300w, https:\/\/fjdadministrativo.com\/wp-content\/uploads\/2025\/02\/9393-768x512.jpg 768w, https:\/\/fjdadministrativo.com\/wp-content\/uploads\/2025\/02\/9393-18x12.jpg 18w, https:\/\/fjdadministrativo.com\/wp-content\/uploads\/2025\/02\/9393.jpg 1500w\" sizes=\"(max-width: 800px) 100vw, 800px\" \/>\t\t\t\t\t\t\t\t\t\t\t\t\t\t\t<\/div>\n\t\t\t\t<\/div>\n\t\t\t\t<div class=\"elementor-element elementor-element-d12cd51 elementor-widget elementor-widget-text-editor\" data-id=\"d12cd51\" data-element_type=\"widget\" data-e-type=\"widget\" data-widget_type=\"text-editor.default\">\n\t\t\t\t<div class=\"elementor-widget-container\">\n\t\t\t\t\t\t\t\t\t<p>Planificaci\u00f3n fiscal para empresas y aut\u00f3nomos.<\/p><p>Gesti\u00f3n de obligaciones fiscales y tributarias.<\/p><p>Optimizaci\u00f3n de impuestos a trav\u00e9s de estrategias fiscales personalizadas.<\/p>\t\t\t\t\t\t\t\t<\/div>\n\t\t\t\t<\/div>\n\t\t\t\t<\/div>\n\t\t<div class=\"elementor-element elementor-element-630ba17 e-con-full animated-fast e-flex elementor-invisible e-con e-child\" data-id=\"630ba17\" data-element_type=\"container\" data-e-type=\"container\" data-settings=\"{&quot;animation&quot;:&quot;slideInDown&quot;}\">\n\t\t\t\t<div class=\"elementor-element elementor-element-19d1fa3 elementor-widget elementor-widget-heading\" data-id=\"19d1fa3\" data-element_type=\"widget\" data-e-type=\"widget\" data-widget_type=\"heading.default\">\n\t\t\t\t<div class=\"elementor-widget-container\">\n\t\t\t\t\t<p class=\"elementor-heading-title elementor-size-default\">Asesor\u00eda Laboral<\/p>\t\t\t\t<\/div>\n\t\t\t\t<\/div>\n\t\t\t\t<div class=\"elementor-element elementor-element-e2b8393 elementor-widget elementor-widget-image\" data-id=\"e2b8393\" data-element_type=\"widget\" data-e-type=\"widget\" data-widget_type=\"image.default\">\n\t\t\t\t<div class=\"elementor-widget-container\">\n\t\t\t\t\t\t\t\t\t\t\t\t\t\t\t<img loading=\"lazy\" decoding=\"async\" width=\"800\" height=\"534\" src=\"https:\/\/fjdadministrativo.com\/wp-content\/uploads\/2025\/02\/108-1024x683.jpg\" class=\"attachment-large size-large wp-image-301\" alt=\"\" srcset=\"https:\/\/fjdadministrativo.com\/wp-content\/uploads\/2025\/02\/108-1024x683.jpg 1024w, https:\/\/fjdadministrativo.com\/wp-content\/uploads\/2025\/02\/108-300x200.jpg 300w, https:\/\/fjdadministrativo.com\/wp-content\/uploads\/2025\/02\/108-768x513.jpg 768w, https:\/\/fjdadministrativo.com\/wp-content\/uploads\/2025\/02\/108-18x12.jpg 18w, https:\/\/fjdadministrativo.com\/wp-content\/uploads\/2025\/02\/108.jpg 1500w\" sizes=\"(max-width: 800px) 100vw, 800px\" \/>\t\t\t\t\t\t\t\t\t\t\t\t\t\t\t<\/div>\n\t\t\t\t<\/div>\n\t\t\t\t<div class=\"elementor-element elementor-element-e6cd0e0 elementor-widget elementor-widget-text-editor\" data-id=\"e6cd0e0\" data-element_type=\"widget\" data-e-type=\"widget\" data-widget_type=\"text-editor.default\">\n\t\t\t\t<div class=\"elementor-widget-container\">\n\t\t\t\t\t\t\t\t\t<p>Gesti\u00f3n de n\u00f3minas y seguros sociales.<\/p><p>Asesoramiento en contrataci\u00f3n y despidos.<\/p><p>Elaboraci\u00f3n de contratos laborales.<\/p><p>Consultor\u00eda en materia de convenios y derechos laborales.<\/p>\t\t\t\t\t\t\t\t<\/div>\n\t\t\t\t<\/div>\n\t\t\t\t<\/div>\n\t\t<div class=\"elementor-element elementor-element-17ede98 e-con-full animated-fast e-flex elementor-invisible e-con e-child\" data-id=\"17ede98\" data-element_type=\"container\" data-e-type=\"container\" data-settings=\"{&quot;animation&quot;:&quot;slideInDown&quot;}\">\n\t\t\t\t<div class=\"elementor-element elementor-element-dcff529 elementor-widget elementor-widget-heading\" data-id=\"dcff529\" data-element_type=\"widget\" data-e-type=\"widget\" data-widget_type=\"heading.default\">\n\t\t\t\t<div class=\"elementor-widget-container\">\n\t\t\t\t\t<p class=\"elementor-heading-title elementor-size-default\">Consultor\u00eda para Emprendedores<\/p>\t\t\t\t<\/div>\n\t\t\t\t<\/div>\n\t\t\t\t<div class=\"elementor-element elementor-element-482f250 elementor-widget elementor-widget-image\" data-id=\"482f250\" data-element_type=\"widget\" data-e-type=\"widget\" data-widget_type=\"image.default\">\n\t\t\t\t<div class=\"elementor-widget-container\">\n\t\t\t\t\t\t\t\t\t\t\t\t\t\t\t<img loading=\"lazy\" decoding=\"async\" width=\"1500\" height=\"1000\" src=\"https:\/\/fjdadministrativo.com\/wp-content\/uploads\/2025\/02\/7430.jpg\" class=\"attachment-1536x1536 size-1536x1536 wp-image-303\" alt=\"\" srcset=\"https:\/\/fjdadministrativo.com\/wp-content\/uploads\/2025\/02\/7430.jpg 1500w, https:\/\/fjdadministrativo.com\/wp-content\/uploads\/2025\/02\/7430-300x200.jpg 300w, https:\/\/fjdadministrativo.com\/wp-content\/uploads\/2025\/02\/7430-1024x683.jpg 1024w, https:\/\/fjdadministrativo.com\/wp-content\/uploads\/2025\/02\/7430-768x512.jpg 768w, https:\/\/fjdadministrativo.com\/wp-content\/uploads\/2025\/02\/7430-18x12.jpg 18w\" sizes=\"(max-width: 1500px) 100vw, 1500px\" \/>\t\t\t\t\t\t\t\t\t\t\t\t\t\t\t<\/div>\n\t\t\t\t<\/div>\n\t\t\t\t<div class=\"elementor-element elementor-element-c85d87f elementor-widget elementor-widget-text-editor\" data-id=\"c85d87f\" data-element_type=\"widget\" data-e-type=\"widget\" data-widget_type=\"text-editor.default\">\n\t\t\t\t<div class=\"elementor-widget-container\">\n\t\t\t\t\t\t\t\t\t<p>Asesoramiento en la constituci\u00f3n de nuevas empresas.<\/p><p>Planificaci\u00f3n financiera y empresarial.<\/p><p>Gesti\u00f3n de tr\u00e1mites de apertura de negocio.<\/p>\t\t\t\t\t\t\t\t<\/div>\n\t\t\t\t<\/div>\n\t\t\t\t<\/div>\n\t\t\t\t\t<\/div>\n\t\t\t\t<\/div>\n\t\t<div class=\"elementor-element elementor-element-6cd62e5 e-flex e-con-boxed e-con e-parent\" data-id=\"6cd62e5\" data-element_type=\"container\" data-e-type=\"container\">\n\t\t\t\t\t<div class=\"e-con-inner\">\n\t\t\t\t\t<\/div>\n\t\t\t\t<\/div>\n\t\t\t\t<\/div>","protected":false},"excerpt":{"rendered":"<p>Servicios Asesor\u00eda Administrativa Gesti\u00f3n y tramitaci\u00f3n de documentos. Asesoramiento y apoyo en la organizaci\u00f3n de tareas administrativas. Optimizaci\u00f3n de procesos administrativos internos. Asesor\u00eda Contable Gesti\u00f3n y supervisi\u00f3n de la contabilidad empresarial. Elaboraci\u00f3n de informes financieros. Balance de cuentas y estados financieros. Consultor\u00eda en planificaci\u00f3n contable. Liquidaci\u00f3n de Impuestos Asesoramiento en la liquidaci\u00f3n de impuestos (IVA, [&hellip;]<\/p>\n","protected":false},"author":1,"featured_media":0,"parent":0,"menu_order":0,"comment_status":"closed","ping_status":"closed","template":"elementor_canvas","meta":{"footnotes":""},"class_list":["post-43","page","type-page","status-publish","hentry"],"yoast_head":"<!-- This site is optimized with the Yoast SEO plugin v27.3 - https:\/\/yoast.com\/product\/yoast-seo-wordpress\/ -->\n<title>Servicios - fJDA<\/title>\n<meta name=\"robots\" content=\"index, follow, max-snippet:-1, max-image-preview:large, max-video-preview:-1\" \/>\n<link rel=\"canonical\" href=\"https:\/\/fjdadministrativo.com\/en\/servicios\/\" \/>\n<meta property=\"og:locale\" content=\"en_US\" \/>\n<meta property=\"og:type\" content=\"article\" \/>\n<meta property=\"og:title\" content=\"Servicios - fJDA\" \/>\n<meta property=\"og:description\" content=\"Servicios Asesor\u00eda Administrativa Gesti\u00f3n y tramitaci\u00f3n de documentos. Asesoramiento y apoyo en la organizaci\u00f3n de tareas administrativas. Optimizaci\u00f3n de procesos administrativos internos. Asesor\u00eda Contable Gesti\u00f3n y supervisi\u00f3n de la contabilidad empresarial. Elaboraci\u00f3n de informes financieros. Balance de cuentas y estados financieros. Consultor\u00eda en planificaci\u00f3n contable. Liquidaci\u00f3n de Impuestos Asesoramiento en la liquidaci\u00f3n de impuestos (IVA, [&hellip;]\" \/>\n<meta property=\"og:url\" content=\"https:\/\/fjdadministrativo.com\/en\/servicios\/\" \/>\n<meta property=\"og:site_name\" content=\"fJDA\" \/>\n<meta property=\"article:modified_time\" content=\"2025-02-25T08:36:39+00:00\" \/>\n<meta property=\"og:image\" content=\"https:\/\/fjdadministrativo.com\/wp-content\/uploads\/2025\/02\/25376-1024x683.jpg\" \/>\n<meta name=\"twitter:card\" content=\"summary_large_image\" \/>\n<meta name=\"twitter:label1\" content=\"Est. reading time\" \/>\n\t<meta name=\"twitter:data1\" content=\"2 minutes\" \/>\n<script type=\"application\/ld+json\" class=\"yoast-schema-graph\">{\"@context\":\"https:\\\/\\\/schema.org\",\"@graph\":[{\"@type\":\"WebPage\",\"@id\":\"https:\\\/\\\/fjdadministrativo.com\\\/servicios\\\/\",\"url\":\"https:\\\/\\\/fjdadministrativo.com\\\/servicios\\\/\",\"name\":\"Servicios - fJDA\",\"isPartOf\":{\"@id\":\"https:\\\/\\\/fjdadministrativo.com\\\/#website\"},\"primaryImageOfPage\":{\"@id\":\"https:\\\/\\\/fjdadministrativo.com\\\/servicios\\\/#primaryimage\"},\"image\":{\"@id\":\"https:\\\/\\\/fjdadministrativo.com\\\/servicios\\\/#primaryimage\"},\"thumbnailUrl\":\"https:\\\/\\\/fjdadministrativo.com\\\/wp-content\\\/uploads\\\/2025\\\/02\\\/25376-1024x683.jpg\",\"datePublished\":\"2025-02-21T12:01:03+00:00\",\"dateModified\":\"2025-02-25T08:36:39+00:00\",\"breadcrumb\":{\"@id\":\"https:\\\/\\\/fjdadministrativo.com\\\/servicios\\\/#breadcrumb\"},\"inLanguage\":\"en-US\",\"potentialAction\":[{\"@type\":\"ReadAction\",\"target\":[\"https:\\\/\\\/fjdadministrativo.com\\\/servicios\\\/\"]}]},{\"@type\":\"ImageObject\",\"inLanguage\":\"en-US\",\"@id\":\"https:\\\/\\\/fjdadministrativo.com\\\/servicios\\\/#primaryimage\",\"url\":\"https:\\\/\\\/fjdadministrativo.com\\\/wp-content\\\/uploads\\\/2025\\\/02\\\/25376-1024x683.jpg\",\"contentUrl\":\"https:\\\/\\\/fjdadministrativo.com\\\/wp-content\\\/uploads\\\/2025\\\/02\\\/25376-1024x683.jpg\"},{\"@type\":\"BreadcrumbList\",\"@id\":\"https:\\\/\\\/fjdadministrativo.com\\\/servicios\\\/#breadcrumb\",\"itemListElement\":[{\"@type\":\"ListItem\",\"position\":1,\"name\":\"Portada\",\"item\":\"https:\\\/\\\/fjdadministrativo.com\\\/\"},{\"@type\":\"ListItem\",\"position\":2,\"name\":\"Servicios\"}]},{\"@type\":\"WebSite\",\"@id\":\"https:\\\/\\\/fjdadministrativo.com\\\/#website\",\"url\":\"https:\\\/\\\/fjdadministrativo.com\\\/\",\"name\":\"fJDA\",\"description\":\"\",\"potentialAction\":[{\"@type\":\"SearchAction\",\"target\":{\"@type\":\"EntryPoint\",\"urlTemplate\":\"https:\\\/\\\/fjdadministrativo.com\\\/?s={search_term_string}\"},\"query-input\":{\"@type\":\"PropertyValueSpecification\",\"valueRequired\":true,\"valueName\":\"search_term_string\"}}],\"inLanguage\":\"en-US\"}]}<\/script>\n<!-- \/ Yoast SEO plugin. -->","yoast_head_json":{"title":"Servicios - fJDA","robots":{"index":"index","follow":"follow","max-snippet":"max-snippet:-1","max-image-preview":"max-image-preview:large","max-video-preview":"max-video-preview:-1"},"canonical":"https:\/\/fjdadministrativo.com\/en\/servicios\/","og_locale":"en_US","og_type":"article","og_title":"Servicios - fJDA","og_description":"Servicios Asesor\u00eda Administrativa Gesti\u00f3n y tramitaci\u00f3n de documentos. Asesoramiento y apoyo en la organizaci\u00f3n de tareas administrativas. Optimizaci\u00f3n de procesos administrativos internos. Asesor\u00eda Contable Gesti\u00f3n y supervisi\u00f3n de la contabilidad empresarial. Elaboraci\u00f3n de informes financieros. Balance de cuentas y estados financieros. Consultor\u00eda en planificaci\u00f3n contable. Liquidaci\u00f3n de Impuestos Asesoramiento en la liquidaci\u00f3n de impuestos (IVA, [&hellip;]","og_url":"https:\/\/fjdadministrativo.com\/en\/servicios\/","og_site_name":"fJDA","article_modified_time":"2025-02-25T08:36:39+00:00","og_image":[{"url":"https:\/\/fjdadministrativo.com\/wp-content\/uploads\/2025\/02\/25376-1024x683.jpg","type":"","width":"","height":""}],"twitter_card":"summary_large_image","twitter_misc":{"Est. reading time":"2 minutes"},"schema":{"@context":"https:\/\/schema.org","@graph":[{"@type":"WebPage","@id":"https:\/\/fjdadministrativo.com\/servicios\/","url":"https:\/\/fjdadministrativo.com\/servicios\/","name":"Servicios - fJDA","isPartOf":{"@id":"https:\/\/fjdadministrativo.com\/#website"},"primaryImageOfPage":{"@id":"https:\/\/fjdadministrativo.com\/servicios\/#primaryimage"},"image":{"@id":"https:\/\/fjdadministrativo.com\/servicios\/#primaryimage"},"thumbnailUrl":"https:\/\/fjdadministrativo.com\/wp-content\/uploads\/2025\/02\/25376-1024x683.jpg","datePublished":"2025-02-21T12:01:03+00:00","dateModified":"2025-02-25T08:36:39+00:00","breadcrumb":{"@id":"https:\/\/fjdadministrativo.com\/servicios\/#breadcrumb"},"inLanguage":"en-US","potentialAction":[{"@type":"ReadAction","target":["https:\/\/fjdadministrativo.com\/servicios\/"]}]},{"@type":"ImageObject","inLanguage":"en-US","@id":"https:\/\/fjdadministrativo.com\/servicios\/#primaryimage","url":"https:\/\/fjdadministrativo.com\/wp-content\/uploads\/2025\/02\/25376-1024x683.jpg","contentUrl":"https:\/\/fjdadministrativo.com\/wp-content\/uploads\/2025\/02\/25376-1024x683.jpg"},{"@type":"BreadcrumbList","@id":"https:\/\/fjdadministrativo.com\/servicios\/#breadcrumb","itemListElement":[{"@type":"ListItem","position":1,"name":"Portada","item":"https:\/\/fjdadministrativo.com\/"},{"@type":"ListItem","position":2,"name":"Servicios"}]},{"@type":"WebSite","@id":"https:\/\/fjdadministrativo.com\/#website","url":"https:\/\/fjdadministrativo.com\/","name":"fJDA","description":"","potentialAction":[{"@type":"SearchAction","target":{"@type":"EntryPoint","urlTemplate":"https:\/\/fjdadministrativo.com\/?s={search_term_string}"},"query-input":{"@type":"PropertyValueSpecification","valueRequired":true,"valueName":"search_term_string"}}],"inLanguage":"en-US"}]}},"_links":{"self":[{"href":"https:\/\/fjdadministrativo.com\/en\/wp-json\/wp\/v2\/pages\/43","targetHints":{"allow":["GET"]}}],"collection":[{"href":"https:\/\/fjdadministrativo.com\/en\/wp-json\/wp\/v2\/pages"}],"about":[{"href":"https:\/\/fjdadministrativo.com\/en\/wp-json\/wp\/v2\/types\/page"}],"author":[{"embeddable":true,"href":"https:\/\/fjdadministrativo.com\/en\/wp-json\/wp\/v2\/users\/1"}],"replies":[{"embeddable":true,"href":"https:\/\/fjdadministrativo.com\/en\/wp-json\/wp\/v2\/comments?post=43"}],"version-history":[{"count":148,"href":"https:\/\/fjdadministrativo.com\/en\/wp-json\/wp\/v2\/pages\/43\/revisions"}],"predecessor-version":[{"id":999,"href":"https:\/\/fjdadministrativo.com\/en\/wp-json\/wp\/v2\/pages\/43\/revisions\/999"}],"wp:attachment":[{"href":"https:\/\/fjdadministrativo.com\/en\/wp-json\/wp\/v2\/media?parent=43"}],"curies":[{"name":"wp","href":"https:\/\/api.w.org\/{rel}","templated":true}]}}