{"id":46,"date":"2025-02-21T14:33:42","date_gmt":"2025-02-21T14:33:42","guid":{"rendered":"https:\/\/fjdadministrativo.rkinformatika.online\/?page_id=46"},"modified":"2025-03-10T10:54:26","modified_gmt":"2025-03-10T10:54:26","slug":"inicio-2","status":"publish","type":"page","link":"https:\/\/fjdadministrativo.com\/en\/","title":{"rendered":"Home"},"content":{"rendered":"<div data-elementor-type=\"wp-page\" data-elementor-id=\"46\" class=\"elementor elementor-46\" data-elementor-post-type=\"page\">\n\t\t\t\t<div class=\"elementor-element elementor-element-4321b4c e-con-full e-flex e-con e-parent\" data-id=\"4321b4c\" data-element_type=\"container\" data-e-type=\"container\" data-settings=\"{&quot;background_background&quot;:&quot;classic&quot;}\">\n\t\t\t\t<div class=\"elementor-element elementor-element-26805e1 elementor-widget elementor-widget-text-editor\" data-id=\"26805e1\" data-element_type=\"widget\" data-e-type=\"widget\" data-widget_type=\"text-editor.default\">\n\t\t\t\t<div class=\"elementor-widget-container\">\n\t\t\t\t\t\t\t\t\t<p>F.J.D.A.<\/p>\t\t\t\t\t\t\t\t<\/div>\n\t\t\t\t<\/div>\n\t\t\t\t<div class=\"elementor-element elementor-element-3c85728 elementor-widget__width-inherit elementor-widget elementor-widget-text-editor\" data-id=\"3c85728\" data-element_type=\"widget\" data-e-type=\"widget\" data-widget_type=\"text-editor.default\">\n\t\t\t\t<div class=\"elementor-widget-container\">\n\t\t\t\t\t\t\t\t\t<p><strong data-start=\"0\" data-end=\"44\">Efficiency and precision in every management, <\/strong><strong data-start=\"47\" data-end=\"97\">We optimize your processes with professionalism.<\/strong><\/p>\t\t\t\t\t\t\t\t<\/div>\n\t\t\t\t<\/div>\n\t\t\t\t<\/div>\n\t\t<div class=\"elementor-element elementor-element-a8b7a6f e-flex e-con-boxed e-con e-parent\" data-id=\"a8b7a6f\" data-element_type=\"container\" data-e-type=\"container\">\n\t\t\t\t\t<div class=\"e-con-inner\">\n\t\t\t\t<div class=\"elementor-element elementor-element-574d900 elementor-widget elementor-widget-heading\" data-id=\"574d900\" data-element_type=\"widget\" data-e-type=\"widget\" data-widget_type=\"heading.default\">\n\t\t\t\t<div class=\"elementor-widget-container\">\n\t\t\t\t\t<h2 class=\"elementor-heading-title elementor-size-default\">About us<\/h2>\t\t\t\t<\/div>\n\t\t\t\t<\/div>\n\t\t\t\t<div class=\"elementor-element elementor-element-ebd91a2 elementor-widget-divider--view-line elementor-widget elementor-widget-divider\" data-id=\"ebd91a2\" data-element_type=\"widget\" data-e-type=\"widget\" data-widget_type=\"divider.default\">\n\t\t\t\t<div class=\"elementor-widget-container\">\n\t\t\t\t\t\t\t<div class=\"elementor-divider\">\n\t\t\t<span class=\"elementor-divider-separator\">\n\t\t\t\t\t\t<\/span>\n\t\t<\/div>\n\t\t\t\t\t\t<\/div>\n\t\t\t\t<\/div>\n\t\t\t\t\t<\/div>\n\t\t\t\t<\/div>\n\t\t<div class=\"elementor-element elementor-element-ffd7ff9 elementor-hidden-tablet e-flex e-con-boxed e-con e-parent\" data-id=\"ffd7ff9\" data-element_type=\"container\" data-e-type=\"container\">\n\t\t\t\t\t<div class=\"e-con-inner\">\n\t\t<div class=\"elementor-element elementor-element-d3040cc e-con-full elementor-hidden-mobile e-flex elementor-invisible e-con e-child\" data-id=\"d3040cc\" data-element_type=\"container\" data-e-type=\"container\" data-settings=\"{&quot;background_background&quot;:&quot;classic&quot;,&quot;animation&quot;:&quot;zoomIn&quot;}\">\n\t\t\t\t<\/div>\n\t\t<div class=\"elementor-element elementor-element-9a4ee56 e-flex e-con-boxed elementor-invisible e-con e-child\" data-id=\"9a4ee56\" data-element_type=\"container\" data-e-type=\"container\" data-settings=\"{&quot;animation&quot;:&quot;bounceInUp&quot;}\">\n\t\t\t\t\t<div class=\"e-con-inner\">\n\t\t\t\t<div class=\"elementor-element elementor-element-e2c0532 elementor-hidden-mobile elementor-widget elementor-widget-text-editor\" data-id=\"e2c0532\" data-element_type=\"widget\" data-e-type=\"widget\" data-widget_type=\"text-editor.default\">\n\t\t\t\t<div class=\"elementor-widget-container\">\n\t\t\t\t\t\t\t\t\t<p>In FJDA, we specialize in offering high-quality administrative and accounting services, designed to optimize the management of businesses and freelancers. We are committed to providing efficient and personalized solutions for each client.<\/p><p>Founded in 2011, FJDA was created with the mission of providing a close and professional service to businesses and entrepreneurs. With over a decade of experience, we have established ourselves as a benchmark in the industry, offering personalized attention and a comprehensive approach that meets the needs of our clients.<\/p><p data-start=\"732\" data-end=\"773\">Products or services we offer:<\/p><ul data-start=\"774\" data-end=\"1272\"><li data-start=\"774\" data-end=\"963\">Administrative Services: We handle the comprehensive management of documents, procedures, and administrative tasks, allowing our clients to focus on their core activities.<\/li><li data-start=\"964\" data-end=\"1095\">Accounting Services: We manage your company's accounting, ensuring regulatory compliance and optimizing your resources.<\/li><li data-start=\"1096\" data-end=\"1272\">Tax Settlement: We efficiently manage tax settlements, ensuring that your company meets its tax obligations on time.<\/li><\/ul>\t\t\t\t\t\t\t\t<\/div>\n\t\t\t\t<\/div>\n\t\t\t\t\t<\/div>\n\t\t\t\t<\/div>\n\t\t<div class=\"elementor-element elementor-element-cc520ba e-con-full elementor-hidden-mobile e-flex elementor-invisible e-con e-child\" data-id=\"cc520ba\" data-element_type=\"container\" data-e-type=\"container\" data-settings=\"{&quot;background_background&quot;:&quot;classic&quot;,&quot;animation&quot;:&quot;zoomIn&quot;}\">\n\t\t\t\t<\/div>\n\t\t\t\t\t<\/div>\n\t\t\t\t<\/div>\n\t\t<div class=\"elementor-element elementor-element-1c18b54 e-flex e-con-boxed e-con e-parent\" data-id=\"1c18b54\" data-element_type=\"container\" data-e-type=\"container\">\n\t\t\t\t\t<div class=\"e-con-inner\">\n\t\t\t\t<div class=\"elementor-element elementor-element-d0375e4 elementor-hidden-desktop elementor-widget elementor-widget-image\" data-id=\"d0375e4\" data-element_type=\"widget\" data-e-type=\"widget\" data-widget_type=\"image.default\">\n\t\t\t\t<div class=\"elementor-widget-container\">\n\t\t\t\t\t\t\t\t\t\t\t\t\t\t\t<img fetchpriority=\"high\" decoding=\"async\" width=\"800\" height=\"534\" src=\"https:\/\/fjdadministrativo.com\/wp-content\/uploads\/2025\/02\/4773-1024x683.jpg\" class=\"attachment-large size-large wp-image-254\" alt=\"\" srcset=\"https:\/\/fjdadministrativo.com\/wp-content\/uploads\/2025\/02\/4773-1024x683.jpg 1024w, https:\/\/fjdadministrativo.com\/wp-content\/uploads\/2025\/02\/4773-300x200.jpg 300w, https:\/\/fjdadministrativo.com\/wp-content\/uploads\/2025\/02\/4773-768x512.jpg 768w, https:\/\/fjdadministrativo.com\/wp-content\/uploads\/2025\/02\/4773-18x12.jpg 18w, https:\/\/fjdadministrativo.com\/wp-content\/uploads\/2025\/02\/4773.jpg 1500w\" sizes=\"(max-width: 800px) 100vw, 800px\" \/>\t\t\t\t\t\t\t\t\t\t\t\t\t\t\t<\/div>\n\t\t\t\t<\/div>\n\t\t\t\t\t<\/div>\n\t\t\t\t<\/div>\n\t\t<div class=\"elementor-element elementor-element-2bc9a28 elementor-hidden-desktop e-flex e-con-boxed e-con e-parent\" data-id=\"2bc9a28\" data-element_type=\"container\" data-e-type=\"container\">\n\t\t\t\t\t<div class=\"e-con-inner\">\n\t\t\t\t<div class=\"elementor-element elementor-element-78b7cd4 elementor-widget elementor-widget-text-editor\" data-id=\"78b7cd4\" data-element_type=\"widget\" data-e-type=\"widget\" data-widget_type=\"text-editor.default\">\n\t\t\t\t<div class=\"elementor-widget-container\">\n\t\t\t\t\t\t\t\t\t<p>En FJDA nos especializamos en ofrecer <strong data-start=\"170\" data-end=\"211\">servicios administrativos y contables<\/strong> de alta calidad, dise\u00f1ados para optimizar la gesti\u00f3n de empresas y aut\u00f3nomos. Nos comprometemos a brindar soluciones eficientes y personalizadas para cada cliente.<\/p><p>Fundada en <strong data-start=\"417\" data-end=\"425\">2011<\/strong>, FJDA naci\u00f3 con la misi\u00f3n de proporcionar un servicio cercano y profesional a empresas y emprendedores. Con m\u00e1s de una d\u00e9cada de experiencia, nos hemos consolidado como un referente en el sector, ofreciendo un trato personalizado y un enfoque integral que responde a las necesidades de nuestros clientes.<\/p><p data-start=\"732\" data-end=\"773\"><strong data-start=\"732\" data-end=\"771\">Products or services we offer:<\/strong><\/p><ul data-start=\"774\" data-end=\"1272\"><li data-start=\"774\" data-end=\"963\"><strong data-start=\"776\" data-end=\"805\">Servicios Administrativos<\/strong>: Nos encargamos de la gesti\u00f3n integral de documentos, tr\u00e1mites y tareas administrativas, permitiendo a nuestros clientes centrarse en su actividad principal.<\/li><li data-start=\"964\" data-end=\"1095\"><strong data-start=\"966\" data-end=\"989\">Servicios Contables<\/strong>: Llevamos la contabilidad de tu empresa, asegurando el cumplimiento normativo y optimizando tus recursos.<\/li><li data-start=\"1096\" data-end=\"1272\"><strong data-start=\"1098\" data-end=\"1126\">Liquidaci\u00f3n de Impuestos<\/strong>: Gestionamos la liquidaci\u00f3n de impuestos de manera eficiente, garantizando que tu empresa cumpla con las obligaciones fiscales de manera puntual.<\/li><\/ul>\t\t\t\t\t\t\t\t<\/div>\n\t\t\t\t<\/div>\n\t\t\t\t\t<\/div>\n\t\t\t\t<\/div>\n\t\t<div class=\"elementor-element elementor-element-037102b elementor-hidden-desktop e-flex e-con-boxed e-con e-parent\" data-id=\"037102b\" data-element_type=\"container\" data-e-type=\"container\">\n\t\t\t\t\t<div class=\"e-con-inner\">\n\t\t\t\t<div class=\"elementor-element elementor-element-ded22cb elementor-widget elementor-widget-image\" data-id=\"ded22cb\" data-element_type=\"widget\" data-e-type=\"widget\" data-widget_type=\"image.default\">\n\t\t\t\t<div class=\"elementor-widget-container\">\n\t\t\t\t\t\t\t\t\t\t\t\t\t\t\t<img decoding=\"async\" width=\"800\" height=\"566\" src=\"https:\/\/fjdadministrativo.com\/wp-content\/uploads\/2025\/02\/21242-1024x724.jpg\" class=\"attachment-large size-large wp-image-262\" alt=\"\" srcset=\"https:\/\/fjdadministrativo.com\/wp-content\/uploads\/2025\/02\/21242-1024x724.jpg 1024w, https:\/\/fjdadministrativo.com\/wp-content\/uploads\/2025\/02\/21242-300x212.jpg 300w, https:\/\/fjdadministrativo.com\/wp-content\/uploads\/2025\/02\/21242-768x543.jpg 768w, https:\/\/fjdadministrativo.com\/wp-content\/uploads\/2025\/02\/21242-18x12.jpg 18w, https:\/\/fjdadministrativo.com\/wp-content\/uploads\/2025\/02\/21242.jpg 1500w\" sizes=\"(max-width: 800px) 100vw, 800px\" \/>\t\t\t\t\t\t\t\t\t\t\t\t\t\t\t<\/div>\n\t\t\t\t<\/div>\n\t\t\t\t\t<\/div>\n\t\t\t\t<\/div>\n\t\t\t\t<\/div>","protected":false},"excerpt":{"rendered":"<p>F.J.D.A. Eficiencia y precisi\u00f3n en cada gesti\u00f3n, optimizamos tus procesos con profesionalismo. Sobre nosotros En FJDA nos especializamos en ofrecer servicios administrativos y contables de alta calidad, dise\u00f1ados para optimizar la gesti\u00f3n de empresas y aut\u00f3nomos. Nos comprometemos a brindar soluciones eficientes y personalizadas para cada cliente. Fundada en 2011, FJDA naci\u00f3 con la misi\u00f3n [&hellip;]<\/p>\n","protected":false},"author":1,"featured_media":0,"parent":0,"menu_order":0,"comment_status":"closed","ping_status":"closed","template":"elementor_canvas","meta":{"footnotes":""},"class_list":["post-46","page","type-page","status-publish","hentry"],"yoast_head":"<!-- This site is optimized with the Yoast SEO plugin v27.3 - https:\/\/yoast.com\/product\/yoast-seo-wordpress\/ -->\n<title>Inicio - fJDA<\/title>\n<meta name=\"robots\" content=\"index, follow, max-snippet:-1, max-image-preview:large, max-video-preview:-1\" \/>\n<link rel=\"canonical\" href=\"https:\/\/fjdadministrativo.com\/en\/\" \/>\n<meta property=\"og:locale\" content=\"en_US\" \/>\n<meta property=\"og:type\" content=\"article\" \/>\n<meta property=\"og:title\" content=\"Inicio - fJDA\" \/>\n<meta property=\"og:description\" content=\"F.J.D.A. Eficiencia y precisi\u00f3n en cada gesti\u00f3n, optimizamos tus procesos con profesionalismo. Sobre nosotros En FJDA nos especializamos en ofrecer servicios administrativos y contables de alta calidad, dise\u00f1ados para optimizar la gesti\u00f3n de empresas y aut\u00f3nomos. Nos comprometemos a brindar soluciones eficientes y personalizadas para cada cliente. Fundada en 2011, FJDA naci\u00f3 con la misi\u00f3n [&hellip;]\" \/>\n<meta property=\"og:url\" content=\"https:\/\/fjdadministrativo.com\/en\/\" \/>\n<meta property=\"og:site_name\" content=\"fJDA\" \/>\n<meta property=\"article:modified_time\" content=\"2025-03-10T10:54:26+00:00\" \/>\n<meta property=\"og:image\" content=\"https:\/\/fjdadministrativo.com\/wp-content\/uploads\/2025\/02\/4773.jpg\" \/>\n\t<meta property=\"og:image:width\" content=\"1500\" \/>\n\t<meta property=\"og:image:height\" content=\"1000\" \/>\n\t<meta property=\"og:image:type\" content=\"image\/jpeg\" \/>\n<meta name=\"twitter:card\" content=\"summary_large_image\" \/>\n<meta name=\"twitter:label1\" content=\"Est. reading time\" \/>\n\t<meta name=\"twitter:data1\" content=\"2 minutes\" \/>\n<script type=\"application\/ld+json\" class=\"yoast-schema-graph\">{\"@context\":\"https:\\\/\\\/schema.org\",\"@graph\":[{\"@type\":\"WebPage\",\"@id\":\"https:\\\/\\\/fjdadministrativo.com\\\/\",\"url\":\"https:\\\/\\\/fjdadministrativo.com\\\/\",\"name\":\"Inicio - fJDA\",\"isPartOf\":{\"@id\":\"https:\\\/\\\/fjdadministrativo.com\\\/#website\"},\"primaryImageOfPage\":{\"@id\":\"https:\\\/\\\/fjdadministrativo.com\\\/#primaryimage\"},\"image\":{\"@id\":\"https:\\\/\\\/fjdadministrativo.com\\\/#primaryimage\"},\"thumbnailUrl\":\"https:\\\/\\\/fjdadministrativo.com\\\/wp-content\\\/uploads\\\/2025\\\/02\\\/4773-1024x683.jpg\",\"datePublished\":\"2025-02-21T14:33:42+00:00\",\"dateModified\":\"2025-03-10T10:54:26+00:00\",\"breadcrumb\":{\"@id\":\"https:\\\/\\\/fjdadministrativo.com\\\/#breadcrumb\"},\"inLanguage\":\"en-US\",\"potentialAction\":[{\"@type\":\"ReadAction\",\"target\":[\"https:\\\/\\\/fjdadministrativo.com\\\/\"]}]},{\"@type\":\"ImageObject\",\"inLanguage\":\"en-US\",\"@id\":\"https:\\\/\\\/fjdadministrativo.com\\\/#primaryimage\",\"url\":\"https:\\\/\\\/fjdadministrativo.com\\\/wp-content\\\/uploads\\\/2025\\\/02\\\/4773-1024x683.jpg\",\"contentUrl\":\"https:\\\/\\\/fjdadministrativo.com\\\/wp-content\\\/uploads\\\/2025\\\/02\\\/4773-1024x683.jpg\"},{\"@type\":\"BreadcrumbList\",\"@id\":\"https:\\\/\\\/fjdadministrativo.com\\\/#breadcrumb\",\"itemListElement\":[{\"@type\":\"ListItem\",\"position\":1,\"name\":\"Portada\",\"item\":\"https:\\\/\\\/fjdadministrativo.com\\\/\"},{\"@type\":\"ListItem\",\"position\":2,\"name\":\"Inicio\"}]},{\"@type\":\"WebSite\",\"@id\":\"https:\\\/\\\/fjdadministrativo.com\\\/#website\",\"url\":\"https:\\\/\\\/fjdadministrativo.com\\\/\",\"name\":\"fJDA\",\"description\":\"\",\"potentialAction\":[{\"@type\":\"SearchAction\",\"target\":{\"@type\":\"EntryPoint\",\"urlTemplate\":\"https:\\\/\\\/fjdadministrativo.com\\\/?s={search_term_string}\"},\"query-input\":{\"@type\":\"PropertyValueSpecification\",\"valueRequired\":true,\"valueName\":\"search_term_string\"}}],\"inLanguage\":\"en-US\"}]}<\/script>\n<!-- \/ Yoast SEO plugin. -->","yoast_head_json":{"title":"Inicio - fJDA","robots":{"index":"index","follow":"follow","max-snippet":"max-snippet:-1","max-image-preview":"max-image-preview:large","max-video-preview":"max-video-preview:-1"},"canonical":"https:\/\/fjdadministrativo.com\/en\/","og_locale":"en_US","og_type":"article","og_title":"Inicio - fJDA","og_description":"F.J.D.A. Eficiencia y precisi\u00f3n en cada gesti\u00f3n, optimizamos tus procesos con profesionalismo. Sobre nosotros En FJDA nos especializamos en ofrecer servicios administrativos y contables de alta calidad, dise\u00f1ados para optimizar la gesti\u00f3n de empresas y aut\u00f3nomos. Nos comprometemos a brindar soluciones eficientes y personalizadas para cada cliente. Fundada en 2011, FJDA naci\u00f3 con la misi\u00f3n [&hellip;]","og_url":"https:\/\/fjdadministrativo.com\/en\/","og_site_name":"fJDA","article_modified_time":"2025-03-10T10:54:26+00:00","og_image":[{"width":1500,"height":1000,"url":"https:\/\/fjdadministrativo.com\/wp-content\/uploads\/2025\/02\/4773.jpg","type":"image\/jpeg"}],"twitter_card":"summary_large_image","twitter_misc":{"Est. reading time":"2 minutes"},"schema":{"@context":"https:\/\/schema.org","@graph":[{"@type":"WebPage","@id":"https:\/\/fjdadministrativo.com\/","url":"https:\/\/fjdadministrativo.com\/","name":"Inicio - fJDA","isPartOf":{"@id":"https:\/\/fjdadministrativo.com\/#website"},"primaryImageOfPage":{"@id":"https:\/\/fjdadministrativo.com\/#primaryimage"},"image":{"@id":"https:\/\/fjdadministrativo.com\/#primaryimage"},"thumbnailUrl":"https:\/\/fjdadministrativo.com\/wp-content\/uploads\/2025\/02\/4773-1024x683.jpg","datePublished":"2025-02-21T14:33:42+00:00","dateModified":"2025-03-10T10:54:26+00:00","breadcrumb":{"@id":"https:\/\/fjdadministrativo.com\/#breadcrumb"},"inLanguage":"en-US","potentialAction":[{"@type":"ReadAction","target":["https:\/\/fjdadministrativo.com\/"]}]},{"@type":"ImageObject","inLanguage":"en-US","@id":"https:\/\/fjdadministrativo.com\/#primaryimage","url":"https:\/\/fjdadministrativo.com\/wp-content\/uploads\/2025\/02\/4773-1024x683.jpg","contentUrl":"https:\/\/fjdadministrativo.com\/wp-content\/uploads\/2025\/02\/4773-1024x683.jpg"},{"@type":"BreadcrumbList","@id":"https:\/\/fjdadministrativo.com\/#breadcrumb","itemListElement":[{"@type":"ListItem","position":1,"name":"Portada","item":"https:\/\/fjdadministrativo.com\/"},{"@type":"ListItem","position":2,"name":"Inicio"}]},{"@type":"WebSite","@id":"https:\/\/fjdadministrativo.com\/#website","url":"https:\/\/fjdadministrativo.com\/","name":"fJDA","description":"","potentialAction":[{"@type":"SearchAction","target":{"@type":"EntryPoint","urlTemplate":"https:\/\/fjdadministrativo.com\/?s={search_term_string}"},"query-input":{"@type":"PropertyValueSpecification","valueRequired":true,"valueName":"search_term_string"}}],"inLanguage":"en-US"}]}},"_links":{"self":[{"href":"https:\/\/fjdadministrativo.com\/en\/wp-json\/wp\/v2\/pages\/46","targetHints":{"allow":["GET"]}}],"collection":[{"href":"https:\/\/fjdadministrativo.com\/en\/wp-json\/wp\/v2\/pages"}],"about":[{"href":"https:\/\/fjdadministrativo.com\/en\/wp-json\/wp\/v2\/types\/page"}],"author":[{"embeddable":true,"href":"https:\/\/fjdadministrativo.com\/en\/wp-json\/wp\/v2\/users\/1"}],"replies":[{"embeddable":true,"href":"https:\/\/fjdadministrativo.com\/en\/wp-json\/wp\/v2\/comments?post=46"}],"version-history":[{"count":254,"href":"https:\/\/fjdadministrativo.com\/en\/wp-json\/wp\/v2\/pages\/46\/revisions"}],"predecessor-version":[{"id":1052,"href":"https:\/\/fjdadministrativo.com\/en\/wp-json\/wp\/v2\/pages\/46\/revisions\/1052"}],"wp:attachment":[{"href":"https:\/\/fjdadministrativo.com\/en\/wp-json\/wp\/v2\/media?parent=46"}],"curies":[{"name":"wp","href":"https:\/\/api.w.org\/{rel}","templated":true}]}}